{"id":3116,"date":"2018-02-23T11:14:31","date_gmt":"2018-02-23T11:14:31","guid":{"rendered":"http:\/\/cinetelmultimedia.com\/quienes-somos\/"},"modified":"2020-07-28T11:03:47","modified_gmt":"2020-07-28T11:03:47","slug":"about-us","status":"publish","type":"page","link":"https:\/\/cinetelmultimedia.com\/en\/about-us\/","title":{"rendered":"About us"},"content":{"rendered":"<section class=\"wpb-content-wrapper\"><p>[vc_row][vc_column width=&#8221;1\/2&#8243;][vc_single_image image=&#8221;173&#8243; img_size=&#8221;large&#8221;][\/vc_column][vc_column width=&#8221;1\/2&#8243;][vc_column_text]<strong>1. Experiencia:<\/strong> Empresa construida en 2005, heredera directa de uno de los mayores y m\u00e1s importantes grupos de<br \/>\ndistribuci\u00f3n videogr\u00e1fica y televisiva a nivel nacional de los a\u00f1os 80 y 90, con el soporte de profesionales con m\u00e1s de 25 a\u00f1os de experiencia en el sector audiovisual.<\/p>\n<p><strong>2. Cat\u00e1logo Audiovisual:<\/strong> M\u00e1s de 2,500 referencias permanentes, principalmente largometrajes, TV Movies y animaci\u00f3n, de todos los g\u00e9neros y \u00e9pocas, desde los inicios de la industria, hasta el cine m\u00e1s actualidad y de todas las nacionalidades. Muchos de los t\u00edtulos presentes en los cat\u00e1logos han sido galardonados con premios tan importantes como los Oscar, lo que pone de manifiesto la apuesta de la compa\u00f1\u00eda por la cultura encarnada en el mejor cine de todos los tiempos.<\/p>\n<p><strong>3. Vocaci\u00f3n Internacional:<\/strong> Cinetel Multimedia distribuye a nivel mundial, teniendo la capacidad de satisfacer cualquier necesidad de contenidos en cualquier lugar del planeta, y para cualquier modalidad de distribuci\u00f3n, desde cine, televisi\u00f3n (Pay y Free), VOD en cualquier era de sus modalidades, IPTV, etc,\u2026<\/p>\n<p><strong>4. Compromiso con la Cultura y el S\u00e9ptimo Arte:<\/strong> Uno de los principales objetivos de la empresa es tratar de recuperar todos los cl\u00e1sicos del cine posibles, haciendo hincapi\u00e9 en aquellos que permanecen in\u00e9ditos en nuestro pa\u00eds. Adem\u00e1s, en muchos de los t\u00edtulos se realizan procesos de remasterizaci\u00f3n y restauraci\u00f3n, as\u00ed como la realizaci\u00f3n de nuevos doblajes, que posibilitan que el espectador puedan disfrutar de ellos, de nuevo, en la peque\u00f1a pantalla y otros canales de distribuci\u00f3n.<\/p>\n<p><strong>5. Cartera de Clientes:<\/strong> Cinetel Multimedia cuenta entre sus clientes a importantes cadenas de televisi\u00f3n nacionales y auton\u00f3micas, canales de cable, presencia en multitud de plataformas de VOD, en Espa\u00f1a y en muchos otros pa\u00edses, proveedores de OTT\u02bcs, grandes distribuidores a nivel mundial, etc,\u2026[\/vc_column_text][\/vc_column][\/vc_row]<\/p>\n<\/section>","protected":false},"excerpt":{"rendered":"<p>[vc_row][vc_column width=&#8221;1\/2&#8243;][vc_single_image image=&#8221;173&#8243; img_size=&#8221;large&#8221;][\/vc_column][vc_column width=&#8221;1\/2&#8243;][vc_column_text]1. Experiencia: Empresa construida en 2005, heredera directa de uno de los mayores y m\u00e1s importantes grupos de distribuci\u00f3n videogr\u00e1fica y televisiva a nivel nacional de los a\u00f1os 80 y 90, con el soporte de profesionales con m\u00e1s de 25 a\u00f1os de experiencia en el sector audiovisual. 2. Cat\u00e1logo Audiovisual: M\u00e1s [&hellip;]<\/p>\n","protected":false},"author":1,"featured_media":0,"parent":0,"menu_order":0,"comment_status":"closed","ping_status":"closed","template":"","meta":[],"acf":[],"_links":{"self":[{"href":"https:\/\/cinetelmultimedia.com\/en\/wp-json\/wp\/v2\/pages\/3116"}],"collection":[{"href":"https:\/\/cinetelmultimedia.com\/en\/wp-json\/wp\/v2\/pages"}],"about":[{"href":"https:\/\/cinetelmultimedia.com\/en\/wp-json\/wp\/v2\/types\/page"}],"author":[{"embeddable":true,"href":"https:\/\/cinetelmultimedia.com\/en\/wp-json\/wp\/v2\/users\/1"}],"replies":[{"embeddable":true,"href":"https:\/\/cinetelmultimedia.com\/en\/wp-json\/wp\/v2\/comments?post=3116"}],"version-history":[{"count":2,"href":"https:\/\/cinetelmultimedia.com\/en\/wp-json\/wp\/v2\/pages\/3116\/revisions"}],"predecessor-version":[{"id":3126,"href":"https:\/\/cinetelmultimedia.com\/en\/wp-json\/wp\/v2\/pages\/3116\/revisions\/3126"}],"wp:attachment":[{"href":"https:\/\/cinetelmultimedia.com\/en\/wp-json\/wp\/v2\/media?parent=3116"}],"curies":[{"name":"wp","href":"https:\/\/api.w.org\/{rel}","templated":true}]}}