{"id":3114,"date":"2020-02-11T05:08:07","date_gmt":"2020-02-11T05:08:07","guid":{"rendered":"http:\/\/cinetelmultimedia.com\/ofertas\/"},"modified":"2020-02-11T05:08:07","modified_gmt":"2020-02-11T05:08:07","slug":"ofertas","status":"publish","type":"page","link":"https:\/\/cinetelmultimedia.com\/en\/ofertas\/","title":{"rendered":"Ofertas"},"content":{"rendered":"<section class=\"wpb-content-wrapper\"><p>[vc_row][vc_column][vc_column_text css=&#8221;.vc_custom_1592238314831{margin-top: 0px !important;}&#8221;]<\/p>\n<h3 style=\"margin-top: -10px;\">C\u00f3mo cliente, podr\u00e1s beneficiarte de importantes descuentos, si contratas alguno de los siguientes packs de t\u00edtulos que hemos dise\u00f1ado, en funci\u00f3n de g\u00e9neros y\/o tem\u00e1ticas diversas e interesantes, para tu audiencia.<\/h3>\n<p>[\/vc_column_text][vc_raw_html]JTVCbW92aWVzX3BhY2tzJTVE[\/vc_raw_html][\/vc_column][\/vc_row]<\/p>\n<\/section>","protected":false},"excerpt":{"rendered":"<p>[vc_row][vc_column][vc_column_text css=&#8221;.vc_custom_1592238314831{margin-top: 0px !important;}&#8221;] C\u00f3mo cliente, podr\u00e1s beneficiarte de importantes descuentos, si contratas alguno de los siguientes packs de t\u00edtulos que hemos dise\u00f1ado, en funci\u00f3n de g\u00e9neros y\/o tem\u00e1ticas diversas e interesantes, para tu audiencia. [\/vc_column_text][vc_raw_html]JTVCbW92aWVzX3BhY2tzJTVE[\/vc_raw_html][\/vc_column][\/vc_row]<\/p>\n","protected":false},"author":1,"featured_media":0,"parent":0,"menu_order":0,"comment_status":"closed","ping_status":"closed","template":"","meta":[],"acf":[],"_links":{"self":[{"href":"https:\/\/cinetelmultimedia.com\/en\/wp-json\/wp\/v2\/pages\/3114"}],"collection":[{"href":"https:\/\/cinetelmultimedia.com\/en\/wp-json\/wp\/v2\/pages"}],"about":[{"href":"https:\/\/cinetelmultimedia.com\/en\/wp-json\/wp\/v2\/types\/page"}],"author":[{"embeddable":true,"href":"https:\/\/cinetelmultimedia.com\/en\/wp-json\/wp\/v2\/users\/1"}],"replies":[{"embeddable":true,"href":"https:\/\/cinetelmultimedia.com\/en\/wp-json\/wp\/v2\/comments?post=3114"}],"version-history":[{"count":0,"href":"https:\/\/cinetelmultimedia.com\/en\/wp-json\/wp\/v2\/pages\/3114\/revisions"}],"wp:attachment":[{"href":"https:\/\/cinetelmultimedia.com\/en\/wp-json\/wp\/v2\/media?parent=3114"}],"curies":[{"name":"wp","href":"https:\/\/api.w.org\/{rel}","templated":true}]}}